{"id":1753,"date":"2024-12-10T12:14:01","date_gmt":"2024-12-10T11:14:01","guid":{"rendered":"https:\/\/www.danielartois.be\/blog\/?page_id=1753"},"modified":"2025-03-09T10:33:56","modified_gmt":"2025-03-09T09:33:56","slug":"ethiopie-2019","status":"publish","type":"page","link":"https:\/\/www.danielartois.be\/blog\/ethiopie-2019\/","title":{"rendered":"Overzicht Ethiopi\u00eb 2019"},"content":{"rendered":"\n<h2 class=\"wp-block-heading alignwide has-text-align-center\">Van Vrijdag 04-01-2019 tot Zondag 27-01-2019<\/h2>\n\n\n\n<div class=\"wp-block-group alignwide has-global-padding is-layout-constrained wp-block-group-is-layout-constrained\"><ul class=\"wp-block-latest-posts__list is-grid columns-2 alignwide wp-block-latest-posts\"><li><div class=\"wp-block-latest-posts__featured-image\"><a href=\"https:\/\/www.danielartois.be\/blog\/2019\/01\/04\/04-01-2019-ethiopie-dag-1\/\" aria-label=\"04\/01\/2019 Ethiopi\u00eb &#8211; Dag 1\"><img loading=\"lazy\" decoding=\"async\" width=\"150\" height=\"150\" src=\"https:\/\/www.danielartois.be\/blog\/wp-content\/uploads\/2019\/01\/ethiopian-airlines-boeing-787-dreamliner-at-indonesia-150x150.jpg?v=1737461430\" class=\"attachment-thumbnail size-thumbnail wp-post-image\" alt=\"\" style=\"\" \/><\/a><\/div><a class=\"wp-block-latest-posts__post-title\" href=\"https:\/\/www.danielartois.be\/blog\/2019\/01\/04\/04-01-2019-ethiopie-dag-1\/\">04\/01\/2019 Ethiopi\u00eb &#8211; Dag 1<\/a><div class=\"wp-block-latest-posts__post-excerpt\">Brussel -> Addis-Abeba<\/div><\/li>\n<li><div class=\"wp-block-latest-posts__featured-image\"><a href=\"https:\/\/www.danielartois.be\/blog\/2019\/01\/05\/05-01-2019-ethiopie-dag-2\/\" aria-label=\"05\/01\/2019 Ethiopi\u00eb &#8211; Dag 2\"><img loading=\"lazy\" decoding=\"async\" width=\"150\" height=\"150\" src=\"https:\/\/www.danielartois.be\/blog\/wp-content\/uploads\/2025\/01\/20190105_172618-150x150.jpg?v=1737469758\" class=\"attachment-thumbnail size-thumbnail wp-post-image\" alt=\"\" style=\"\" \/><\/a><\/div><a class=\"wp-block-latest-posts__post-title\" href=\"https:\/\/www.danielartois.be\/blog\/2019\/01\/05\/05-01-2019-ethiopie-dag-2\/\">05\/01\/2019 Ethiopi\u00eb &#8211; Dag 2<\/a><div class=\"wp-block-latest-posts__post-excerpt\">Addis-Abeba<\/div><\/li>\n<li><div class=\"wp-block-latest-posts__featured-image\"><a href=\"https:\/\/www.danielartois.be\/blog\/2019\/01\/06\/06-01-2019-ethiopie-dag-3\/\" aria-label=\"06\/01\/2019 Ethiopi\u00eb &#8211; Dag 3\"><img loading=\"lazy\" decoding=\"async\" width=\"150\" height=\"150\" src=\"https:\/\/www.danielartois.be\/blog\/wp-content\/uploads\/2025\/01\/20190106_082531-150x150.jpg?v=1737481157\" class=\"attachment-thumbnail size-thumbnail wp-post-image\" alt=\"\" style=\"\" \/><\/a><\/div><a class=\"wp-block-latest-posts__post-title\" href=\"https:\/\/www.danielartois.be\/blog\/2019\/01\/06\/06-01-2019-ethiopie-dag-3\/\">06\/01\/2019 Ethiopi\u00eb &#8211; Dag 3<\/a><div class=\"wp-block-latest-posts__post-excerpt\">Addis Abeba \u2013 Arba Minch<\/div><\/li>\n<li><div class=\"wp-block-latest-posts__featured-image\"><a href=\"https:\/\/www.danielartois.be\/blog\/2019\/01\/07\/07-01-2019-ethiopie-dag-4\/\" aria-label=\"07\/01\/2019 Ethiopi\u00eb &#8211; Dag 4\"><img loading=\"lazy\" decoding=\"async\" width=\"150\" height=\"150\" src=\"https:\/\/www.danielartois.be\/blog\/wp-content\/uploads\/2025\/01\/20190107_181414-150x150.jpg?v=1737580718\" class=\"attachment-thumbnail size-thumbnail wp-post-image\" alt=\"\" style=\"\" \/><\/a><\/div><a class=\"wp-block-latest-posts__post-title\" href=\"https:\/\/www.danielartois.be\/blog\/2019\/01\/07\/07-01-2019-ethiopie-dag-4\/\">07\/01\/2019 Ethiopi\u00eb &#8211; Dag 4<\/a><div class=\"wp-block-latest-posts__post-excerpt\">Arba Minch &#8211; Turmi<\/div><\/li>\n<li><div class=\"wp-block-latest-posts__featured-image\"><a href=\"https:\/\/www.danielartois.be\/blog\/2019\/01\/08\/08-01-2019-ethiopie-dag-5-deel-1-2\/\" aria-label=\"08\/01\/2019 Ethiopi\u00eb &#8211; Dag 5 Deel 1\/2\"><img loading=\"lazy\" decoding=\"async\" width=\"150\" height=\"150\" src=\"https:\/\/www.danielartois.be\/blog\/wp-content\/uploads\/2025\/01\/20190108_100446-150x150.jpg?v=1737640061\" class=\"attachment-thumbnail size-thumbnail wp-post-image\" alt=\"\" style=\"\" \/><\/a><\/div><a class=\"wp-block-latest-posts__post-title\" href=\"https:\/\/www.danielartois.be\/blog\/2019\/01\/08\/08-01-2019-ethiopie-dag-5-deel-1-2\/\">08\/01\/2019 Ethiopi\u00eb &#8211; Dag 5 Deel 1\/2<\/a><div class=\"wp-block-latest-posts__post-excerpt\">Turmi &#8211; Omo Rate vallei<\/div><\/li>\n<li><div class=\"wp-block-latest-posts__featured-image\"><a href=\"https:\/\/www.danielartois.be\/blog\/2019\/01\/08\/08-01-2019-ethiopie-dag-5-deel-2-2\/\" aria-label=\"08\/01\/2019 Ethiopi\u00eb &#8211; Dag 5 Deel 2\/2\"><img loading=\"lazy\" decoding=\"async\" width=\"150\" height=\"150\" src=\"https:\/\/www.danielartois.be\/blog\/wp-content\/uploads\/2025\/01\/20190108_175849-150x150.jpg?v=1737668866\" class=\"attachment-thumbnail size-thumbnail wp-post-image\" alt=\"\" style=\"\" \/><\/a><\/div><a class=\"wp-block-latest-posts__post-title\" href=\"https:\/\/www.danielartois.be\/blog\/2019\/01\/08\/08-01-2019-ethiopie-dag-5-deel-2-2\/\">08\/01\/2019 Ethiopi\u00eb &#8211; Dag 5 Deel 2\/2<\/a><div class=\"wp-block-latest-posts__post-excerpt\">Hamar &#8211; Bull Jumping<\/div><\/li>\n<li><div class=\"wp-block-latest-posts__featured-image\"><a href=\"https:\/\/www.danielartois.be\/blog\/2019\/01\/09\/09-01-2019-ethiopie-dag-6\/\" aria-label=\"09\/01\/2019 Ethiopi\u00eb &#8211; Dag 6\"><img loading=\"lazy\" decoding=\"async\" width=\"150\" height=\"150\" src=\"https:\/\/www.danielartois.be\/blog\/wp-content\/uploads\/2025\/02\/20190109_094710-150x150.jpg?v=1738523151\" class=\"attachment-thumbnail size-thumbnail wp-post-image\" alt=\"\" style=\"\" \/><\/a><\/div><a class=\"wp-block-latest-posts__post-title\" href=\"https:\/\/www.danielartois.be\/blog\/2019\/01\/09\/09-01-2019-ethiopie-dag-6\/\">09\/01\/2019 Ethiopi\u00eb &#8211; Dag 6<\/a><div class=\"wp-block-latest-posts__post-excerpt\">Turmi &#8211; Jinka met de \nKara en Ara Stam<\/div><\/li>\n<li><div class=\"wp-block-latest-posts__featured-image\"><a href=\"https:\/\/www.danielartois.be\/blog\/2019\/01\/10\/10-01-2019-ethiopie-dag-7\/\" aria-label=\"10\/01\/2019 Ethiopi\u00eb &#8211; Dag 7\"><img loading=\"lazy\" decoding=\"async\" width=\"150\" height=\"150\" src=\"https:\/\/www.danielartois.be\/blog\/wp-content\/uploads\/2019\/01\/20190110_110631-150x150.jpg?v=1739128740\" class=\"attachment-thumbnail size-thumbnail wp-post-image\" alt=\"\" style=\"\" \/><\/a><\/div><a class=\"wp-block-latest-posts__post-title\" href=\"https:\/\/www.danielartois.be\/blog\/2019\/01\/10\/10-01-2019-ethiopie-dag-7\/\">10\/01\/2019 Ethiopi\u00eb &#8211; Dag 7<\/a><div class=\"wp-block-latest-posts__post-excerpt\">Jinka \u2013 Mago National Park<\/div><\/li>\n<li><div class=\"wp-block-latest-posts__featured-image\"><a href=\"https:\/\/www.danielartois.be\/blog\/2019\/01\/11\/11-01-2019-ethiopie-dag-8\/\" aria-label=\"11\/01\/2019 Ethiopi\u00eb \u2013 Dag 8\"><img loading=\"lazy\" decoding=\"async\" width=\"150\" height=\"150\" src=\"https:\/\/www.danielartois.be\/blog\/wp-content\/uploads\/2025\/02\/20190111_123855-150x150.jpg?v=1739131585\" class=\"attachment-thumbnail size-thumbnail wp-post-image\" alt=\"\" style=\"\" \/><\/a><\/div><a class=\"wp-block-latest-posts__post-title\" href=\"https:\/\/www.danielartois.be\/blog\/2019\/01\/11\/11-01-2019-ethiopie-dag-8\/\">11\/01\/2019 Ethiopi\u00eb \u2013 Dag 8<\/a><div class=\"wp-block-latest-posts__post-excerpt\">Jinka &#8211; Konso<\/div><\/li>\n<li><div class=\"wp-block-latest-posts__featured-image\"><a href=\"https:\/\/www.danielartois.be\/blog\/2019\/01\/12\/12-01-2019-ethiopie-dag-9-deel-1-2\/\" aria-label=\"12\/01\/2019 Ethiopi\u00eb \u2013 Dag 9 Deel 1\/2\"><img loading=\"lazy\" decoding=\"async\" width=\"150\" height=\"150\" src=\"https:\/\/www.danielartois.be\/blog\/wp-content\/uploads\/2025\/02\/20190112_093548-150x150.jpg?v=1739267365\" class=\"attachment-thumbnail size-thumbnail wp-post-image\" alt=\"\" style=\"\" \/><\/a><\/div><a class=\"wp-block-latest-posts__post-title\" href=\"https:\/\/www.danielartois.be\/blog\/2019\/01\/12\/12-01-2019-ethiopie-dag-9-deel-1-2\/\">12\/01\/2019 Ethiopi\u00eb \u2013 Dag 9 Deel 1\/2<\/a><div class=\"wp-block-latest-posts__post-excerpt\">De Konso Stam in Gamole<\/div><\/li>\n<li><div class=\"wp-block-latest-posts__featured-image\"><a href=\"https:\/\/www.danielartois.be\/blog\/2019\/01\/12\/12-01-2019-ethiopie-dag-9-deel-2-2\/\" aria-label=\"12\/01\/2019 Ethiopi\u00eb \u2013 Dag 9 Deel 2\/2\"><img loading=\"lazy\" decoding=\"async\" width=\"150\" height=\"150\" src=\"https:\/\/www.danielartois.be\/blog\/wp-content\/uploads\/2025\/02\/20190112_162851-150x150.jpg?v=1739273276\" class=\"attachment-thumbnail size-thumbnail wp-post-image\" alt=\"\" style=\"\" \/><\/a><\/div><a class=\"wp-block-latest-posts__post-title\" href=\"https:\/\/www.danielartois.be\/blog\/2019\/01\/12\/12-01-2019-ethiopie-dag-9-deel-2-2\/\">12\/01\/2019 Ethiopi\u00eb \u2013 Dag 9 Deel 2\/2<\/a><div class=\"wp-block-latest-posts__post-excerpt\">Nechisar National Park &#8211; Lake Chamo<\/div><\/li>\n<li><div class=\"wp-block-latest-posts__featured-image\"><a href=\"https:\/\/www.danielartois.be\/blog\/2019\/01\/13\/13-01-2019-ethiopie-dag-10-deel-1-2\/\" aria-label=\"13\/01\/2019 Ethiopi\u00eb \u2013 Dag 10 Deel 1\/2\"><img loading=\"lazy\" decoding=\"async\" width=\"150\" height=\"150\" src=\"https:\/\/www.danielartois.be\/blog\/wp-content\/uploads\/2025\/02\/20190113_100042-150x150.jpg?v=1739446395\" class=\"attachment-thumbnail size-thumbnail wp-post-image\" alt=\"\" style=\"\" \/><\/a><\/div><a class=\"wp-block-latest-posts__post-title\" href=\"https:\/\/www.danielartois.be\/blog\/2019\/01\/13\/13-01-2019-ethiopie-dag-10-deel-1-2\/\">13\/01\/2019 Ethiopi\u00eb \u2013 Dag 10 Deel 1\/2<\/a><div class=\"wp-block-latest-posts__post-excerpt\">Debre Libanos \u2013 Debre Markos<\/div><\/li>\n<li><div class=\"wp-block-latest-posts__featured-image\"><a href=\"https:\/\/www.danielartois.be\/blog\/2019\/01\/13\/13-01-2019-ethiopie-dag-10-deel-2-2\/\" aria-label=\"13\/01\/2019 Ethiopi\u00eb \u2013 Dag 10 Deel 2\/2\"><img loading=\"lazy\" decoding=\"async\" width=\"150\" height=\"150\" src=\"https:\/\/www.danielartois.be\/blog\/wp-content\/uploads\/2019\/01\/20190113_180515-150x150.jpg?v=1739465746\" class=\"attachment-thumbnail size-thumbnail wp-post-image\" alt=\"\" style=\"\" \/><\/a><\/div><a class=\"wp-block-latest-posts__post-title\" href=\"https:\/\/www.danielartois.be\/blog\/2019\/01\/13\/13-01-2019-ethiopie-dag-10-deel-2-2\/\">13\/01\/2019 Ethiopi\u00eb \u2013 Dag 10 Deel 2\/2<\/a><div class=\"wp-block-latest-posts__post-excerpt\">Aregash Lodge &#8211; koffieceremonie <\/div><\/li>\n<li><div class=\"wp-block-latest-posts__featured-image\"><a href=\"https:\/\/www.danielartois.be\/blog\/2019\/01\/14\/14-01-2019-ethiopie-dag-11\/\" aria-label=\"14\/01\/2019 Ethiopi\u00eb &#8211; Dag 11\"><img loading=\"lazy\" decoding=\"async\" width=\"150\" height=\"150\" src=\"https:\/\/www.danielartois.be\/blog\/wp-content\/uploads\/2025\/02\/20190114_162742-150x150.jpg?v=1739571745\" class=\"attachment-thumbnail size-thumbnail wp-post-image\" alt=\"\" style=\"\" \/><\/a><\/div><a class=\"wp-block-latest-posts__post-title\" href=\"https:\/\/www.danielartois.be\/blog\/2019\/01\/14\/14-01-2019-ethiopie-dag-11\/\">14\/01\/2019 Ethiopi\u00eb &#8211; Dag 11<\/a><div class=\"wp-block-latest-posts__post-excerpt\">Yirga Alem \u2013 Balegebergte<\/div><\/li>\n<li><div class=\"wp-block-latest-posts__featured-image\"><a href=\"https:\/\/www.danielartois.be\/blog\/2019\/01\/15\/15-01-2019-ethiopie-dag-12\/\" aria-label=\"15\/01\/2019 Ethiopi\u00eb &#8211; Dag 12\"><img loading=\"lazy\" decoding=\"async\" width=\"150\" height=\"150\" src=\"https:\/\/www.danielartois.be\/blog\/wp-content\/uploads\/2025\/02\/20190115_125653-150x150.jpg?v=1739618519\" class=\"attachment-thumbnail size-thumbnail wp-post-image\" alt=\"\" style=\"\" \/><\/a><\/div><a class=\"wp-block-latest-posts__post-title\" href=\"https:\/\/www.danielartois.be\/blog\/2019\/01\/15\/15-01-2019-ethiopie-dag-12\/\">15\/01\/2019 Ethiopi\u00eb &#8211; Dag 12<\/a><div class=\"wp-block-latest-posts__post-excerpt\">Dinsho \u2013 Addis Abeba\n<\/div><\/li>\n<li><div class=\"wp-block-latest-posts__featured-image\"><a href=\"https:\/\/www.danielartois.be\/blog\/2019\/01\/16\/16-01-2019-ethiopie-dag-13\/\" aria-label=\"16\/01\/2019 Ethiopi\u00eb &#8211; Dag 13\"><img loading=\"lazy\" decoding=\"async\" width=\"150\" height=\"150\" src=\"https:\/\/www.danielartois.be\/blog\/wp-content\/uploads\/2025\/02\/20190116_170205-150x150.jpg?v=1739706981\" class=\"attachment-thumbnail size-thumbnail wp-post-image\" alt=\"\" style=\"\" \/><\/a><\/div><a class=\"wp-block-latest-posts__post-title\" href=\"https:\/\/www.danielartois.be\/blog\/2019\/01\/16\/16-01-2019-ethiopie-dag-13\/\">16\/01\/2019 Ethiopi\u00eb &#8211; Dag 13<\/a><div class=\"wp-block-latest-posts__post-excerpt\">Addis Abeba \u2013 Debre Libanos \u2013 Debre Markos<\/div><\/li>\n<li><div class=\"wp-block-latest-posts__featured-image\"><a href=\"https:\/\/www.danielartois.be\/blog\/2019\/01\/17\/17-01-2019-ethiopie-dag-14\/\" aria-label=\"17\/01\/2019 Ethiopi\u00eb &#8211; Dag 14\"><img loading=\"lazy\" decoding=\"async\" width=\"150\" height=\"150\" src=\"https:\/\/www.danielartois.be\/blog\/wp-content\/uploads\/2019\/01\/20190117_170652-150x150.jpg?v=1739725183\" class=\"attachment-thumbnail size-thumbnail wp-post-image\" alt=\"\" style=\"\" \/><\/a><\/div><a class=\"wp-block-latest-posts__post-title\" href=\"https:\/\/www.danielartois.be\/blog\/2019\/01\/17\/17-01-2019-ethiopie-dag-14\/\">17\/01\/2019 Ethiopi\u00eb &#8211; Dag 14<\/a><div class=\"wp-block-latest-posts__post-excerpt\">Debre Markos \u2013 Bahir Dar<\/div><\/li>\n<li><div class=\"wp-block-latest-posts__featured-image\"><a href=\"https:\/\/www.danielartois.be\/blog\/2019\/01\/18\/18-01-2019-ethiopie-dag-15\/\" aria-label=\"18\/01\/2019 Ethiopi\u00eb &#8211; Dag 15\"><img loading=\"lazy\" decoding=\"async\" width=\"150\" height=\"150\" src=\"https:\/\/www.danielartois.be\/blog\/wp-content\/uploads\/2025\/02\/20190118_114449-150x150.jpg?v=1739795414\" class=\"attachment-thumbnail size-thumbnail wp-post-image\" alt=\"\" style=\"\" \/><\/a><\/div><a class=\"wp-block-latest-posts__post-title\" href=\"https:\/\/www.danielartois.be\/blog\/2019\/01\/18\/18-01-2019-ethiopie-dag-15\/\">18\/01\/2019 Ethiopi\u00eb &#8211; Dag 15<\/a><div class=\"wp-block-latest-posts__post-excerpt\">Bahir Dar \u2013 Lake Tana &#8211; Gondor<\/div><\/li>\n<li><div class=\"wp-block-latest-posts__featured-image\"><a href=\"https:\/\/www.danielartois.be\/blog\/2019\/01\/19\/19-01-2019-ethiopie-dag-16-deel-1-2\/\" aria-label=\"19\/01\/2019 Ethiopi\u00eb &#8211; Dag 16 Deel 1\/2\"><img loading=\"lazy\" decoding=\"async\" width=\"150\" height=\"150\" src=\"https:\/\/www.danielartois.be\/blog\/wp-content\/uploads\/2025\/02\/20190119_071315-150x150.jpg?v=1739878907\" class=\"attachment-thumbnail size-thumbnail wp-post-image\" alt=\"\" style=\"\" \/><\/a><\/div><a class=\"wp-block-latest-posts__post-title\" href=\"https:\/\/www.danielartois.be\/blog\/2019\/01\/19\/19-01-2019-ethiopie-dag-16-deel-1-2\/\">19\/01\/2019 Ethiopi\u00eb &#8211; Dag 16 Deel 1\/2<\/a><div class=\"wp-block-latest-posts__post-excerpt\">Gondor \u2013 Timkat festival \u2013 Debark<\/div><\/li>\n<li><div class=\"wp-block-latest-posts__featured-image\"><a href=\"https:\/\/www.danielartois.be\/blog\/2019\/01\/19\/19-01-2019-ethiopie-dag-16-deel-2-2\/\" aria-label=\"19\/01\/2019 Ethiopi\u00eb &#8211; Dag 16 Deel 2\/2\"><img loading=\"lazy\" decoding=\"async\" width=\"150\" height=\"150\" src=\"https:\/\/www.danielartois.be\/blog\/wp-content\/uploads\/2025\/02\/20190119_120907-150x150.jpg?v=1739916375\" class=\"attachment-thumbnail size-thumbnail wp-post-image\" alt=\"\" style=\"\" \/><\/a><\/div><a class=\"wp-block-latest-posts__post-title\" href=\"https:\/\/www.danielartois.be\/blog\/2019\/01\/19\/19-01-2019-ethiopie-dag-16-deel-2-2\/\">19\/01\/2019 Ethiopi\u00eb &#8211; Dag 16 Deel 2\/2<\/a><div class=\"wp-block-latest-posts__post-excerpt\">Royal Enclosure<\/div><\/li>\n<li><div class=\"wp-block-latest-posts__featured-image\"><a href=\"https:\/\/www.danielartois.be\/blog\/2019\/01\/20\/20-01-2019-ethiopie-dag-17\/\" aria-label=\"20\/01\/2019 Ethiopi\u00eb &#8211; Dag 17\"><img loading=\"lazy\" decoding=\"async\" width=\"150\" height=\"150\" src=\"https:\/\/www.danielartois.be\/blog\/wp-content\/uploads\/2025\/02\/20190120_110159_001-150x150.jpg?v=1739963574\" class=\"attachment-thumbnail size-thumbnail wp-post-image\" alt=\"\" style=\"\" \/><\/a><\/div><a class=\"wp-block-latest-posts__post-title\" href=\"https:\/\/www.danielartois.be\/blog\/2019\/01\/20\/20-01-2019-ethiopie-dag-17\/\">20\/01\/2019 Ethiopi\u00eb &#8211; Dag 17<\/a><div class=\"wp-block-latest-posts__post-excerpt\">Debark \u2013 wandeling Simiengebergte<\/div><\/li>\n<li><div class=\"wp-block-latest-posts__featured-image\"><a href=\"https:\/\/www.danielartois.be\/blog\/2019\/01\/21\/21-01-2019-ethiopie-dag-18\/\" aria-label=\"21\/01\/2019 Ethiopi\u00eb &#8211; Dag 18\"><img loading=\"lazy\" decoding=\"async\" width=\"150\" height=\"150\" src=\"https:\/\/www.danielartois.be\/blog\/wp-content\/uploads\/2025\/02\/20190121_105426-150x150.jpg?v=1740067869\" class=\"attachment-thumbnail size-thumbnail wp-post-image\" alt=\"\" style=\"\" \/><\/a><\/div><a class=\"wp-block-latest-posts__post-title\" href=\"https:\/\/www.danielartois.be\/blog\/2019\/01\/21\/21-01-2019-ethiopie-dag-18\/\">21\/01\/2019 Ethiopi\u00eb &#8211; Dag 18<\/a><div class=\"wp-block-latest-posts__post-excerpt\">Debark &#8211; Axum<\/div><\/li>\n<li><div class=\"wp-block-latest-posts__featured-image\"><a href=\"https:\/\/www.danielartois.be\/blog\/2019\/01\/22\/22-01-2019-ethiopie-dag-19\/\" aria-label=\"22\/01\/2019 Ethiopi\u00eb \u2013 Dag 19\"><img loading=\"lazy\" decoding=\"async\" width=\"150\" height=\"150\" src=\"https:\/\/www.danielartois.be\/blog\/wp-content\/uploads\/2025\/01\/20190122_135405-150x150.jpg?v=1740081550\" class=\"attachment-thumbnail size-thumbnail wp-post-image\" alt=\"\" style=\"\" \/><\/a><\/div><a class=\"wp-block-latest-posts__post-title\" href=\"https:\/\/www.danielartois.be\/blog\/2019\/01\/22\/22-01-2019-ethiopie-dag-19\/\">22\/01\/2019 Ethiopi\u00eb \u2013 Dag 19<\/a><div class=\"wp-block-latest-posts__post-excerpt\">Axum<\/div><\/li>\n<li><div class=\"wp-block-latest-posts__featured-image\"><a href=\"https:\/\/www.danielartois.be\/blog\/2019\/01\/23\/23-01-2019-ethiopie-dag-20\/\" aria-label=\"23\/01\/2019 Ethiopi\u00eb \u2013 Dag 20\"><img loading=\"lazy\" decoding=\"async\" width=\"150\" height=\"150\" src=\"https:\/\/www.danielartois.be\/blog\/wp-content\/uploads\/2025\/02\/20190123_131848-150x150.jpg?v=1740133754\" class=\"attachment-thumbnail size-thumbnail wp-post-image\" alt=\"\" style=\"\" \/><\/a><\/div><a class=\"wp-block-latest-posts__post-title\" href=\"https:\/\/www.danielartois.be\/blog\/2019\/01\/23\/23-01-2019-ethiopie-dag-20\/\">23\/01\/2019 Ethiopi\u00eb \u2013 Dag 20<\/a><div class=\"wp-block-latest-posts__post-excerpt\">Vlucht Axum &#8211; Lalibela<\/div><\/li>\n<li><div class=\"wp-block-latest-posts__featured-image\"><a href=\"https:\/\/www.danielartois.be\/blog\/2019\/01\/24\/24-01-2019-ethiopie-dag-21\/\" aria-label=\"24\/01\/2019 Ethiopi\u00eb \u2013 Dag 21\"><img loading=\"lazy\" decoding=\"async\" width=\"150\" height=\"150\" src=\"https:\/\/www.danielartois.be\/blog\/wp-content\/uploads\/2025\/02\/20190124_160500-150x150.jpg?v=1740258085\" class=\"attachment-thumbnail size-thumbnail wp-post-image\" alt=\"\" style=\"\" \/><\/a><\/div><a class=\"wp-block-latest-posts__post-title\" href=\"https:\/\/www.danielartois.be\/blog\/2019\/01\/24\/24-01-2019-ethiopie-dag-21\/\">24\/01\/2019 Ethiopi\u00eb \u2013 Dag 21<\/a><div class=\"wp-block-latest-posts__post-excerpt\">Lalibela 1\/1<\/div><\/li>\n<li><div class=\"wp-block-latest-posts__featured-image\"><a href=\"https:\/\/www.danielartois.be\/blog\/2019\/01\/25\/25-01-2019-ethiopie-dag-22\/\" aria-label=\"25\/01\/2019 Ethiopi\u00eb \u2013 Dag 22\"><img loading=\"lazy\" decoding=\"async\" width=\"150\" height=\"150\" src=\"https:\/\/www.danielartois.be\/blog\/wp-content\/uploads\/2025\/02\/20190125_104002-150x150.jpg?v=1740309882\" class=\"attachment-thumbnail size-thumbnail wp-post-image\" alt=\"\" style=\"\" \/><\/a><\/div><a class=\"wp-block-latest-posts__post-title\" href=\"https:\/\/www.danielartois.be\/blog\/2019\/01\/25\/25-01-2019-ethiopie-dag-22\/\">25\/01\/2019 Ethiopi\u00eb \u2013 Dag 22<\/a><div class=\"wp-block-latest-posts__post-excerpt\">Lalibela 2\/2<\/div><\/li>\n<li><div class=\"wp-block-latest-posts__featured-image\"><a href=\"https:\/\/www.danielartois.be\/blog\/2019\/01\/26\/26-01-2019-ethiopie-dag-23\/\" aria-label=\"26\/01\/2019 Ethiopi\u00eb \u2013 Dag 23\"><img loading=\"lazy\" decoding=\"async\" width=\"150\" height=\"150\" src=\"https:\/\/www.danielartois.be\/blog\/wp-content\/uploads\/2025\/02\/20190126_124730-150x150.jpg?v=1740337294\" class=\"attachment-thumbnail size-thumbnail wp-post-image\" alt=\"\" style=\"\" \/><\/a><\/div><a class=\"wp-block-latest-posts__post-title\" href=\"https:\/\/www.danielartois.be\/blog\/2019\/01\/26\/26-01-2019-ethiopie-dag-23\/\">26\/01\/2019 Ethiopi\u00eb \u2013 Dag 23<\/a><div class=\"wp-block-latest-posts__post-excerpt\">Lalibela-Addis Abeba<\/div><\/li>\n<li><div class=\"wp-block-latest-posts__featured-image\"><a href=\"https:\/\/www.danielartois.be\/blog\/2019\/01\/27\/27-01-2019-ethiopie-dag-24\/\" aria-label=\"27\/01\/2019 Ethiopi\u00eb \u2013 Dag 24\"><img loading=\"lazy\" decoding=\"async\" width=\"150\" height=\"150\" src=\"https:\/\/www.danielartois.be\/blog\/wp-content\/uploads\/2025\/02\/20190127_005349-150x150.jpg?v=1740341680\" class=\"attachment-thumbnail size-thumbnail wp-post-image\" alt=\"\" style=\"\" \/><\/a><\/div><a class=\"wp-block-latest-posts__post-title\" href=\"https:\/\/www.danielartois.be\/blog\/2019\/01\/27\/27-01-2019-ethiopie-dag-24\/\">27\/01\/2019 Ethiopi\u00eb \u2013 Dag 24<\/a><div class=\"wp-block-latest-posts__post-excerpt\">Addis Abeba \u2013 Brussel<\/div><\/li>\n<\/ul><\/div>\n\n\n\n<p class=\"has-text-align-left\"><\/p>\n\n\n\n<hr class=\"wp-block-separator has-alpha-channel-opacity\"\/>\n\n\n\n<p>Voor de teksten heb ik gebruik gemaakt van:<\/p>\n\n\n\n<div class=\"wp-block-buttons is-layout-flex wp-block-buttons-is-layout-flex\">\n<div class=\"wp-block-button is-style-outline is-style-outline--1\"><a class=\"wp-block-button__link wp-element-button\" href=\"https:\/\/www.danielartois.be\/blog\/wp-content\/uploads\/2025\/03\/Reisverslag-24-daagse-groepsrondreis-Ethiopie.pdf\"> het verslag dat gemaakt werd door medereiziger Wim Hogewoning.<\/a><\/div>\n<\/div>\n\n\n\n<div class=\"wp-block-buttons is-layout-flex wp-block-buttons-is-layout-flex\">\n<div class=\"wp-block-button has-custom-width wp-block-button__width-100 is-style-outline is-style-outline--2\"><a class=\"wp-block-button__link wp-element-button\" href=\"https:\/\/www.danielartois.be\/blog\/wp-content\/uploads\/2025\/01\/ReisInfoEtiopie.pdf\">het djoser &#8216;info Rondreis&#8217; PDF document<\/a><\/div>\n<\/div>\n\n\n\n<hr class=\"wp-block-separator has-alpha-channel-opacity\"\/>\n\n\n\n<h2 class=\"wp-block-heading\">Hotellijst<\/h2>\n\n\n\n<p>Dag 2 &#8211; 3: Ghion Hotel<br>Stadium around Meskel Square<br>1643<br>Addis Ababa<br>Ethiopi\u00eb<br>00251-115513222<br><br>www.ghionhotel.com.et<br>&#8212;<br>Dag 3 &#8211; 4: Emerald Hotel<br>P.O.Box 19018<br>Arba Minch<br>Ethiopi\u00eb<br>&#8212;<br>Dag 4 &#8211; 6: Turmi Lodge<br>geen straatnaam aanwezig<br>Turmi<br>Ethiopi\u00eb<br><br>www.turmilodge.com<br>&#8212;<br>Dag 6 &#8211; 8: Nassa hotel<br>Jinka &#8211; Key Afar road<br>Jinka<br>Ethiopi\u00eb<br>&#8212;<br>Dag 8 &#8211; 9: Konso Korebata lodge<br><br>Konso<br>Ethiopi\u00eb<br>&#8212;<br>Dag 9 &#8211; 10: Emerald Hotel<br>P.O.Box 19018<br>Arba Minch<br>Ethiopi\u00eb<br>&#8212;<\/p>\n\n\n\n<p>Dag 10 &#8211; 11: Aregash Lodge<br>Geen straatnaam aanwezig<br>Yirga Alem<br>Ethiopi\u00eb<br>00251-462251136<br><br>www.aregashlodge.com<br>&#8212;<\/p>\n\n\n\n<p>Dag 11 &#8211; 12: Wabi Shebelle Hotel<br><br>Goba, Bale Mountains<br>Ethiopi\u00eb<br>00251-226610041<br>&#8212;<\/p>\n\n\n\n<p>Dag 12 &#8211; 13: Ghion Hotel<br>Stadium around Meskel Square<br>1643<br>Addis Ababa<br>Ethiopi\u00eb<br>00251-115513222<br><br>www.ghionhotel.com.et<br>&#8212;<br>Dag 13 &#8211; 14: Abema hotel<br><br>Debre Markos<br>Ethiopi\u00eb<br>&#8212;<br>Dag 14 &#8211; 15: Tana hotel<br>78, Bahir Dar Lake Tana<br>Bahir Dar<br>Ethiopi\u00eb<br>&#8212;<br>Dag 15 &#8211; 16: Mintiwab lodge<br>P.O. Box 121135<br>Gondar<br>Ethiopi\u00eb<br><br>www.mintwablodge.com<br>&#8212;<br>Dag 16 &#8211; 18: Sonna Hotel<br>Kebele 02<br>Debark<br>Ethiopi\u00eb<br>&#8212;<br>Dag 18 &#8211; 20: Hotel Consular<br>Road #3<br>P.O. Box 287<br>Axum<br>Ethiopi\u00eb<br>&#8212;<br>Dag 20 &#8211; 23: Lal Hotel<br>P.O.Box: 62964<br>Lalibela<br>Ethiopi\u00eb<br>&#8212;<br><br><\/p>\n","protected":false},"excerpt":{"rendered":"<p>Van Vrijdag 04-01-2019 tot Zondag 27-01-2019 Voor de teksten heb ik gebruik gemaakt van: Hotellijst Dag 2 &#8211; 3: Ghion HotelStadium around Meskel Square1643Addis AbabaEthiopi\u00eb00251-115513222 www.ghionhotel.com.et&#8212;Dag 3 &#8211; 4: Emerald HotelP.O.Box 19018Arba MinchEthiopi\u00eb&#8212;Dag 4 &#8211; 6: Turmi Lodgegeen straatnaam aanwezigTurmiEthiopi\u00eb www.turmilodge.com&#8212;Dag 6 &#8211; 8: Nassa hotelJinka &#8211; Key Afar roadJinkaEthiopi\u00eb&#8212;Dag 8 &#8211; 9: Konso Korebata [&hellip;]<\/p>\n","protected":false},"author":2,"featured_media":3052,"parent":0,"menu_order":0,"comment_status":"closed","ping_status":"closed","template":"","meta":{"footnotes":""},"class_list":["post-1753","page","type-page","status-publish","has-post-thumbnail","hentry"],"_links":{"self":[{"href":"https:\/\/www.danielartois.be\/blog\/wp-json\/wp\/v2\/pages\/1753","targetHints":{"allow":["GET"]}}],"collection":[{"href":"https:\/\/www.danielartois.be\/blog\/wp-json\/wp\/v2\/pages"}],"about":[{"href":"https:\/\/www.danielartois.be\/blog\/wp-json\/wp\/v2\/types\/page"}],"author":[{"embeddable":true,"href":"https:\/\/www.danielartois.be\/blog\/wp-json\/wp\/v2\/users\/2"}],"replies":[{"embeddable":true,"href":"https:\/\/www.danielartois.be\/blog\/wp-json\/wp\/v2\/comments?post=1753"}],"version-history":[{"count":0,"href":"https:\/\/www.danielartois.be\/blog\/wp-json\/wp\/v2\/pages\/1753\/revisions"}],"wp:featuredmedia":[{"embeddable":true,"href":"https:\/\/www.danielartois.be\/blog\/wp-json\/wp\/v2\/media\/3052"}],"wp:attachment":[{"href":"https:\/\/www.danielartois.be\/blog\/wp-json\/wp\/v2\/media?parent=1753"}],"curies":[{"name":"wp","href":"https:\/\/api.w.org\/{rel}","templated":true}]}}